{"id":137,"date":"2020-03-19T16:27:18","date_gmt":"2020-03-19T16:27:18","guid":{"rendered":"http:\/\/kouvolanmusiikkiluokat.haluamasidomain.fi\/?page_id=137"},"modified":"2020-03-19T16:27:18","modified_gmt":"2020-03-19T16:27:18","slug":"tallenteet","status":"publish","type":"page","link":"https:\/\/kouvolanmusiikkiluokat.fi\/index.php\/tallenteet\/","title":{"rendered":"Tallenteet"},"content":{"rendered":"\n<h3 class=\"wp-block-heading\">Kouvolan musiikkiluokkien \u00e4\u00e4nitteet<\/h3>\n\n\n\n<ul><li>J\u00e4ljet Lumessa- DVD, 2019\u00a0<\/li><li>Laulutuulella- CD, 2015<\/li><li>Koivikossani; A-kuoro 1987 lp-levy<\/li><li>Kouvolan musiikkiluokkien soittokunta; 1985 lp-levy<\/li><li>Hyttyset ja elefantit; soittokunta ja ala-asteen kuoro, c-kasetti<\/li><li>Joulu saapuu jokaiselle; 1998-\u00a0 cd , kaikki luokat<\/li><li>Tahdomme laulaa ;2001 30-vuotisjulkaisu- cd, kaikki luokat ja edustuskuoro<\/li><li>Laulun voimaa 2006;\u2013 cd, kaikki luokat<\/li><li>Salaisuuksien aika 2008; \u2013 cd, 5M&amp;6M-kuoro ja yhtye<\/li><li>Hiutaleet maahan leijailee; 2011 &#8211;\u00a0 40-vuotisjulkaisu, cd, kaikki luokat ja edustuskuoro<\/li><li>Laulun voimaa; 2015- cd, kaikki luokat ja edustuskuoro<\/li><li>J\u00e4ljet lumessa; 2019 konserttitallenne- dvd, Arttu Takalo ja musiikkiluokkalaiset<\/li><\/ul>\n\n\n\n<h3 class=\"wp-block-heading\">Yhteisty\u00f6ss\u00e4 Kymi Sinfoniettan kanssa<\/h3>\n\n\n\n<ul><li>Lent\u00e4v\u00e4 matto;\u00a0 2010 dvd 6M-luokka<\/li><li>Hilla ja Liisi; 2015\u00a0 kirja ja cd 3M4M-luokat<\/li><\/ul>\n","protected":false},"excerpt":{"rendered":"<p>Kouvolan musiikkiluokkien \u00e4\u00e4nitteet J\u00e4ljet Lumessa- DVD, 2019\u00a0 Laulutuulella- CD, 2015 Koivikossani; A-kuoro 1987 lp-levy Kouvolan musiikkiluokkien soittokunta; 1985 lp-levy Hyttyset ja elefantit; soittokunta ja ala-asteen kuoro, c-kasetti Joulu saapuu jokaiselle; 1998-\u00a0 cd , kaikki luokat Tahdomme laulaa ;2001 30-vuotisjulkaisu- cd, kaikki luokat ja edustuskuoro Laulun voimaa 2006;\u2013 cd, kaikki luokat Salaisuuksien aika 2008; \u2013 cd, [&hellip;]<\/p>\n","protected":false},"author":1,"featured_media":0,"parent":0,"menu_order":0,"comment_status":"closed","ping_status":"closed","template":"","meta":[],"_links":{"self":[{"href":"https:\/\/kouvolanmusiikkiluokat.fi\/index.php\/wp-json\/wp\/v2\/pages\/137"}],"collection":[{"href":"https:\/\/kouvolanmusiikkiluokat.fi\/index.php\/wp-json\/wp\/v2\/pages"}],"about":[{"href":"https:\/\/kouvolanmusiikkiluokat.fi\/index.php\/wp-json\/wp\/v2\/types\/page"}],"author":[{"embeddable":true,"href":"https:\/\/kouvolanmusiikkiluokat.fi\/index.php\/wp-json\/wp\/v2\/users\/1"}],"replies":[{"embeddable":true,"href":"https:\/\/kouvolanmusiikkiluokat.fi\/index.php\/wp-json\/wp\/v2\/comments?post=137"}],"version-history":[{"count":1,"href":"https:\/\/kouvolanmusiikkiluokat.fi\/index.php\/wp-json\/wp\/v2\/pages\/137\/revisions"}],"predecessor-version":[{"id":138,"href":"https:\/\/kouvolanmusiikkiluokat.fi\/index.php\/wp-json\/wp\/v2\/pages\/137\/revisions\/138"}],"wp:attachment":[{"href":"https:\/\/kouvolanmusiikkiluokat.fi\/index.php\/wp-json\/wp\/v2\/media?parent=137"}],"curies":[{"name":"wp","href":"https:\/\/api.w.org\/{rel}","templated":true}]}}