{"id":28,"date":"2020-03-02T10:51:05","date_gmt":"2020-03-02T10:51:05","guid":{"rendered":"http:\/\/kouvolanmusiikkiluokat.haluamasidomain.fi\/?page_id=28"},"modified":"2021-12-07T18:26:28","modified_gmt":"2021-12-07T18:26:28","slug":"kenelle-musiikkiluokkatoiminta-sopii","status":"publish","type":"page","link":"https:\/\/kouvolanmusiikkiluokat.fi\/index.php\/kenelle-musiikkiluokkatoiminta-sopii\/","title":{"rendered":"Hakeminen"},"content":{"rendered":"\r\n<p class=\"has-small-font-size\">Pid\u00e4tk\u00f6\r\nlaulamisesta ja musiikin kuuntelusta? Soittamisesta ja musiikkiliikunnasta?\r\nSaako rytmi sinut liikkeelle? Jos vastasit kyll\u00e4 yhteenkin\r\nn\u00e4ist\u00e4&nbsp;kysymyksist\u00e4, musiikkiluokka voisi olla sinun juttusi.<\/p>\r\n\r\n\r\n\r\n<p class=\"has-small-font-size\">Musiikkiluokalle\r\npyrit\u00e4\u00e4n toisella vuosiluokalla. Soveltuvuuskokeeseen voi ilmoittautua jokainen\r\nhalukas eik\u00e4 soveltuvuuskokeessa tarvitse osata soittaa mit\u00e4\u00e4n. Kokeessa\r\ntestataan oppilaan musikaalisuutta ryhm\u00e4testien ja yksil\u00f6testin avulla.\r\nP\u00e4\u00e4sykokeet j\u00e4rjestet\u00e4\u00e4n tammikuussa ja niihin ilmoittaudutaan lomakkeella Wilman\r\nkautta.<\/p>\r\n\r\n\r\n\r\n<p class=\"has-small-font-size\">Musiikkiluokalla\r\non musiikkia enemm\u00e4n kuin muilla vastaavilla luokilla&nbsp;sek\u00e4\r\nkerhotunti\/b\u00e4nditunti viikossa. Musiikkiluokalla lauletaan paljon -kuorossa,\r\npieniss\u00e4 ryhmiss\u00e4 ja yksin, opetellaan nuotinkirjoitustaitoa ja nuoteista\r\nlaulamista, soitetaan nokkahuilua ja muita koulusoittimia. Ja kyll\u00e4, my\u00f6s\r\nb\u00e4ndisoiton alkeita p\u00e4\u00e4see harjoittelemaan! Lis\u00e4ksi kuunnellaan, lauletaan ja\r\nsoitetaan monenlaista musiikkia klassisesta poppiin, kansanmusiikista iskelm\u00e4\u00e4n\r\n-ja kaikkea silt\u00e4 v\u00e4lilt\u00e4.<\/p>\r\n\r\n\r\n\r\n<p class=\"has-small-font-size\">Jos\r\nkuorolaulu ja iloinen seura kiinnostavat, koulussa kuorolaulua saat kyll\u00e4\r\nharrastaa-<\/p>\r\n\r\n\r\n\r\n<p class=\"has-small-font-size\">Siirrytty\u00e4si 7. luokalle voit jatkaa kuorouraasi pyrkim\u00e4ll\u00e4 Edustuskuoroon, jossa on mukana yl\u00e4koulun sek\u00e4 Kouvolan yhteislyseon eli lukion oppilaita.<\/p>\r\n\r\n\r\n\r\n<figure class=\"wp-block-embed-youtube wp-block-embed is-type-video is-provider-youtube wp-embed-aspect-16-9 wp-has-aspect-ratio\"><div class=\"wp-block-embed__wrapper\">\r\n<iframe loading=\"lazy\" title=\"Aleksanteri Hakaniemen haastattelu, Aatu Itkonen\" width=\"580\" height=\"326\" src=\"https:\/\/www.youtube.com\/embed\/-DJsH9iwWeU?feature=oembed\" frameborder=\"0\" allow=\"accelerometer; autoplay; clipboard-write; encrypted-media; gyroscope; picture-in-picture\" allowfullscreen><\/iframe>\r\n<\/div><\/figure>\r\n\r\n\r\n\r\n<p class=\"has-small-font-size\"><strong>Kaunisnurmen koulun musiikkiluokkien hakumenettely:<br> <br> Hakulomake t\u00e4ytett\u00e4viss\u00e4 wilmassa kakkosluokkalaisten huoltajille.<br> <br> <\/strong>Hakuajan umpeuduttua kaikki Kaunisnurmen musaluokalle hakeneet oppilaat kutsutaan koululle yksil\u00f6haastatteluun, jossa tehd\u00e4\u00e4n samalla pieni musikaalisuustesti.<br> <br> Yksil\u00f6haastattelussa hakija:<br> 1. laulaa KAKSI seuraavista lauluista ulkoa (1. s\u00e4keist\u00f6)<br> <strong>Hunajalaulu<\/strong> (Nalle Puh)<strong> \/ Vaarilla on saari \/ Peppi Pitk\u00e4tossu<\/strong><br> 2. suorittaa opettajan tekem\u00e4n <strong> pienen musikaalisuustestin<\/strong> (esim. melodioiden toistoa ja rytmittely\u00e4)<br> 3. voi halutessaan esitt\u00e4\u00e4 vapaaehtoisen soittokappaleen <br><\/p>\r\n\r\n\r\n\r\n<figure class=\"wp-block-embed-youtube wp-block-embed is-type-video is-provider-youtube wp-embed-aspect-16-9 wp-has-aspect-ratio\"><div class=\"wp-block-embed__wrapper\">\r\n<iframe loading=\"lazy\" title=\"Musaluokkasarja ysit 1\" width=\"580\" height=\"326\" src=\"https:\/\/www.youtube.com\/embed\/x6Dc_y4V87w?feature=oembed\" frameborder=\"0\" allow=\"accelerometer; autoplay; clipboard-write; encrypted-media; gyroscope; picture-in-picture\" allowfullscreen><\/iframe>\r\n<\/div><\/figure>\r\n\r\n\r\n\r\n<h3 class=\"wp-block-heading\">Hakeminen yl\u00e4koulun musiikkiluokalle<\/h3>\r\n\r\n\r\n\r\n<ol type=\"1\"><li>Laulu<\/li><\/ol>\r\n\r\n\r\n\r\n<ul><li>suomenkielinen<\/li><li>nuotti pit\u00e4\u00e4 olla mukana joko kirjasta tai monisteena<\/li><li>varaudu laulamaan ilman s\u00e4estysta ja s\u00e4estyksen kanssa. Testaaja s\u00e4est\u00e4\u00e4.<\/li><\/ul>\r\n\r\n\r\n\r\n<p>2. Soitton\u00e4yte<\/p>\r\n\r\n\r\n\r\n<ul><li>jos osaat soittaa jotakin instrumenttia, niin valmista soitton\u00e4yte<\/li><li>testiluokassa on piano, kitara, s\u00e4hk\u00f6basso ja rummut. Jos soitata jotakin muuta soitinta, tuo se mukanasi.<\/li><li>soitton\u00e4yte soitetaan yksin testaajalle<\/li><\/ul>\r\n\r\n\r\n\r\n<p>3. Musiikin teoria<\/p>\r\n\r\n\r\n\r\n<ul><li>tunnista nuottien nimi\u00e4 viivastolla<\/li><li>tunnista intervalleja<\/li><li>muodosta kolmisointuja viivastolle<\/li><li>helpon rytmin kirjoittaminen kuullun perusteella<\/li><li>helpon laulun nuotintaminen<\/li><\/ul>\r\n\r\n\r\n\r\n<p>4. Pieni haastatteluhetki<\/p>\r\n\r\n\r\n\r\n<ul><li>miksi haluat musiikkiluokalle?<\/li><\/ul>\r\n\r\n\r\n\r\n<p><strong>Tervetuloa hakemaan rohkeasti yl\u00e4koulun musiikkiluokalle!<\/strong><\/p>\r\n\r\n\r\n\r\n<p>Soittotaito ei ole v\u00e4ltt\u00e4m\u00e4t\u00f6n musaluokalle p\u00e4\u00e4semiseksi.<\/p>\r\n\r\n\r\n\r\n<p>Innostus ja aktiivisuus kantavat jo pitk\u00e4lle!<\/p>\r\n\r\n\r\n\r\n<p><strong>Pointteja musiikkiluokille hakeville:<\/strong><\/p>\r\n\r\n<p><strong>ESIINTYMISTAITO<\/strong> &#8211; Musiikkiluokat kehitt\u00e4v\u00e4t esiintymistaitoa, josta on hy\u00f6ty\u00e4 alalla kuin alalla! Musiikkiluokkalaiset p\u00e4\u00e4sev\u00e4t esiintymisen makuun yhteisprojekteissa, ja sooloakin p\u00e4\u00e4see (niin halutessaan) esitt\u00e4m\u00e4\u00e4n. Yhdess\u00e4 esiintyminen on auttanut montaa esiintymispelkoista p\u00e4\u00e4sem\u00e4\u00e4n peloistaan eroon ja esiintymisest\u00e4 on opittu nauttimaan. <\/p>\r\n\r\n<p><strong>KAVERIT<\/strong> &#8211; Vanhat koulukaveruudet j\u00e4\u00e4v\u00e4t usein voimaan ja musaluokan my\u00f6t\u00e4 saa uusia kavereita. Musiikkiluokilla luokan ja luokkien yhteisi\u00e4 juttuja ja projekteja on paljon ja tutustuminen musaluokkalaisten kesken on siksi helppoa. Yhteinen mielenkiinto ja projektit kohottavat luokkahenke\u00e4 ja musaluokkien v\u00e4list\u00e4 yhteishenke\u00e4!<\/p>\r\n\r\n<p><strong>OPETTAJAT<\/strong> &#8211; Opettajat ovat p\u00e4tevi\u00e4 ja ihania! Oppiminen on opettajille ykk\u00f6sasia ja musa siihen se bonus. Kaunisnurmella opettaja opettaa samaa luokkaa kolmoselta kuutoselle. Opet tekev\u00e4t paljon yhteisty\u00f6t\u00e4 luokka-asteesta riippumatta. <\/p>\r\n\r\n<p><strong>RETKET, KONSERTIT ja VANHEMMAT<\/strong> &#8211; Musiikkiluokkalaisen vanhempi voi osallistua lapsen kouluty\u00f6n tukemiseen oman innostuksen mukaan eik\u00e4 musaluokkalaisen vanhemmalta vaadita hirve\u00e4sti extrapanostusta. Toki musaluokkalaiset tekev\u00e4t jonkin verran enemm\u00e4n retki\u00e4 ja n\u00e4it\u00e4 varten on ker\u00e4tty rahoitusta vanhempien kesken, mutta pakkopullalta t\u00e4m\u00e4 ei ole koskaan tuntunut &#8211; p\u00e4invastoin! On ollut kiva tutustua luokkalaisten vanhempiin yhteisten (vapaaehtoisten) varainhankintatempausten my\u00f6t\u00e4. Kouvolan Musiikkiluokkien tuki ry tukee my\u00f6s osaltaan eri luokka-asteiden retkitoimintaa ja j\u00e4rjest\u00e4\u00e4 mm. iltamia ja konsertteja. Musaluokkalaisten konsertit ovat kostuttaneet koko suvun silm\u00e4kulmia vuodesta toiseen, joten koko suku p\u00e4\u00e4see nauttimaan musaluokkatien hedelmist\u00e4!<\/p>\r\n\r\n<p><strong>YHTEISTY\u00d6<\/strong> &#8211; Musiikkiopistolla soittavien muksujen &#8216;Musiikin hahmotusaineet&#8217; eli MuHa -opinnot ovat hoituneet Kouvolan musiikkiluokilla kouluty\u00f6ss\u00e4, eik\u00e4 iltaisin tarvitse ajella opistolle niit\u00e4 suorittamaan, vaan voi keskitty\u00e4 soittamiseen ja muihin harrastuksiin. Briljanttia! Musiikkiopistoyhteisty\u00f6n lis\u00e4ksi Kouvolan musiikkiluokat tekev\u00e4t yhteisty\u00f6t\u00e4 mm. Kymi Sinfoniettan ja muiden muusikoiden kanssa. Esimerkin voima on arvossaan \ud83d\ude42<\/p>\r\n\r\n<p><strong>SIJAINTI<\/strong> &#8211; Kaunisnurmi on l\u00e4hell\u00e4 matkakeskusta ja koulu alkaa aamuisin aikaisintaan 8:30, mik\u00e4 antaa hieman pelivaraa liikkumiseen. Yht\u00e4ri on tasan keskustassa, joten sinne on helppo matkata bussilla. Kouvolan musiikkiluokilla on oppilaita ymp\u00e4ri suurkouvolaa. Jos musaluokille haluaa, sen koulumatkankin suorittaa \ud83d\ude42 Matka on taittunut bussilla niin mm. Tuohikotista, Sel\u00e4np\u00e4\u00e4st\u00e4, Elim\u00e4elt\u00e4, Anjalasta kuin Korialtakin. Joskus bussin takia my\u00f6h\u00e4styy v\u00e4h\u00e4n koulusta, mutta se ei ole koskaan ollut ongelma, vaan opettajan kanssa voi tarvittaessa sopia poikkeavista kouluajoista. Monella musaluokkaperheell\u00e4 on my\u00f6s j\u00e4rjestelty kimppakyytej\u00e4 kouluun, joten sekin on varteenotettava vaihtoehto.<\/p> \r\n","protected":false},"excerpt":{"rendered":"<p>Pid\u00e4tk\u00f6 laulamisesta ja musiikin kuuntelusta? Soittamisesta ja musiikkiliikunnasta? Saako rytmi sinut liikkeelle? Jos vastasit kyll\u00e4 yhteenkin n\u00e4ist\u00e4&nbsp;kysymyksist\u00e4, musiikkiluokka voisi olla sinun juttusi. Musiikkiluokalle pyrit\u00e4\u00e4n toisella vuosiluokalla. Soveltuvuuskokeeseen voi ilmoittautua jokainen halukas eik\u00e4 soveltuvuuskokeessa tarvitse osata soittaa mit\u00e4\u00e4n. Kokeessa testataan oppilaan musikaalisuutta ryhm\u00e4testien ja yksil\u00f6testin avulla. P\u00e4\u00e4sykokeet j\u00e4rjestet\u00e4\u00e4n tammikuussa ja niihin ilmoittaudutaan lomakkeella Wilman kautta. Musiikkiluokalla [&hellip;]<\/p>\n","protected":false},"author":1,"featured_media":0,"parent":0,"menu_order":0,"comment_status":"closed","ping_status":"closed","template":"","meta":[],"_links":{"self":[{"href":"https:\/\/kouvolanmusiikkiluokat.fi\/index.php\/wp-json\/wp\/v2\/pages\/28"}],"collection":[{"href":"https:\/\/kouvolanmusiikkiluokat.fi\/index.php\/wp-json\/wp\/v2\/pages"}],"about":[{"href":"https:\/\/kouvolanmusiikkiluokat.fi\/index.php\/wp-json\/wp\/v2\/types\/page"}],"author":[{"embeddable":true,"href":"https:\/\/kouvolanmusiikkiluokat.fi\/index.php\/wp-json\/wp\/v2\/users\/1"}],"replies":[{"embeddable":true,"href":"https:\/\/kouvolanmusiikkiluokat.fi\/index.php\/wp-json\/wp\/v2\/comments?post=28"}],"version-history":[{"count":21,"href":"https:\/\/kouvolanmusiikkiluokat.fi\/index.php\/wp-json\/wp\/v2\/pages\/28\/revisions"}],"predecessor-version":[{"id":320,"href":"https:\/\/kouvolanmusiikkiluokat.fi\/index.php\/wp-json\/wp\/v2\/pages\/28\/revisions\/320"}],"wp:attachment":[{"href":"https:\/\/kouvolanmusiikkiluokat.fi\/index.php\/wp-json\/wp\/v2\/media?parent=28"}],"curies":[{"name":"wp","href":"https:\/\/api.w.org\/{rel}","templated":true}]}}